{"id":35305,"date":"2025-06-30T13:35:01","date_gmt":"2025-06-30T13:35:01","guid":{"rendered":"https:\/\/deak17galeria.hu\/?page_id=35305"},"modified":"2026-05-13T09:01:41","modified_gmt":"2026-05-13T09:01:41","slug":"accessibility","status":"publish","type":"page","link":"https:\/\/deak17galeria.hu\/en\/accessibility\/","title":{"rendered":"Accessibility"},"content":{"rendered":"\n<h2 class=\"wp-block-heading\">Accessibility:<\/h2>\n\n\n\n<div class=\"wp-block-columns is-layout-flex wp-container-core-columns-is-layout-9d6595d7 wp-block-columns-is-layout-flex\">\n<div class=\"wp-block-column is-layout-flow wp-block-column-is-layout-flow\">\n<p>De\u00e1k17 Youth Art Gallery is located in the heart of Budapest, a five-minute walk from De\u00e1k Ferenc Square, on Fashion Street, on the first floor of the building at 17 De\u00e1k Ferenc Street.<\/p>\n\n\n\n<p>The Gallery can be reached by public transport via the following lines:<br \/>\u2022 Metro: 1, 2, 3<br \/>\u2022 Tram: 2, 47, 49<br \/>\u2022 Bus: 9, 15, 16, 105, 115<\/p>\n\n\n\n<p>The nearest parking facility is the underground car park at Erzs\u00e9bet Square Underground Parking Garage.<\/p>\n<\/div>\n\n\n\n<div class=\"wp-block-column is-layout-flow wp-block-column-is-layout-flow\"><div id=\"wpmapblock_0\" style=\"\n\t\twidth: 82%;\n\t\theight: 350px;\n\t\"><\/div><\/div>\n<\/div>\n\n\n\n<h2 class=\"wp-block-heading\">Building:<\/h2>\n\n\n\n<div class=\"wp-block-columns is-layout-flex wp-container-core-columns-is-layout-9d6595d7 wp-block-columns-is-layout-flex\">\n<div class=\"wp-block-column is-layout-flow wp-block-column-is-layout-flow\">\n<p>The Gallery is situated on the first floor of a residential building (including a mezzanine level). Visitors are kindly asked to ring bell number 7 on the intercom, and a member of staff will grant access.<br \/>The staircase is located directly opposite the entrance, while the lift can be found in the corridor to the left of the entrance, beyond the mailboxes and before the inner courtyard.<br \/>In the spirit of inclusion, Easy-to-Read (ETR) signs guide visitors from the entrance throughout the stairwell and Gallery spaces. These visual aids support not only visitors with intellectual disabilities, but also young children and early readers.<br \/>The Gallery is easily accessible for visitors using non-electric wheelchairs or strollers. A ramp is available at the entrance, and the building is equipped with a lift, making it possible to reach the Gallery without using the stairs. An accessible restroom is also available on site. All Gallery spaces are child-friendly and safe for young visitors.<\/p>\n<\/div>\n\n\n\n<div class=\"wp-block-column is-layout-flow wp-block-column-is-layout-flow\">\n<figure class=\"wp-block-image size-large is-resized aria-hide\"><img loading=\"lazy\" decoding=\"async\" width=\"1024\" height=\"768\" src=\"https:\/\/deak17galeria.hu\/wp-content\/uploads\/2025\/12\/epulet-6-of-13-1024x768.jpg\" alt=\"\" class=\"wp-image-37411\" style=\"width:512px;height:384px\" srcset=\"https:\/\/deak17galeria.hu\/wp-content\/uploads\/2025\/12\/epulet-6-of-13-1024x768.jpg 1024w, https:\/\/deak17galeria.hu\/wp-content\/uploads\/2025\/12\/epulet-6-of-13-300x225.jpg 300w, https:\/\/deak17galeria.hu\/wp-content\/uploads\/2025\/12\/epulet-6-of-13-768x576.jpg 768w, https:\/\/deak17galeria.hu\/wp-content\/uploads\/2025\/12\/epulet-6-of-13-1536x1152.jpg 1536w, https:\/\/deak17galeria.hu\/wp-content\/uploads\/2025\/12\/epulet-6-of-13-2048x1536.jpg 2048w, https:\/\/deak17galeria.hu\/wp-content\/uploads\/2025\/12\/epulet-6-of-13-1200x900.jpg 1200w, https:\/\/deak17galeria.hu\/wp-content\/uploads\/2025\/12\/epulet-6-of-13-150x112.jpg 150w\" sizes=\"auto, (max-width: 1024px) 100vw, 1024px\" \/><\/figure>\n<\/div>\n<\/div>\n\n\n\n<h2 class=\"wp-block-heading\">Approaching the Gallery:<\/h2>\n\n\n\n<div class=\"wp-block-columns is-layout-flex wp-container-core-columns-is-layout-9d6595d7 wp-block-columns-is-layout-flex\">\n<div class=\"wp-block-column is-layout-flow wp-block-column-is-layout-flow\">\n<p>The width of the lift entrance is 68 cm. The interior floor plan of the lift is irregular in shape, with a slightly angled rear-right corner. Its internal dimensions are approximately 92 \u00d7 106 cm. Please note that electric wheelchairs cannot be accommodated in the lift.<br \/>A mobile ramp is available for the staircase leading to the rear emergency exit entrance. To arrange its use, please contact the Gallery in advance.<br \/>The Gallery can also be reached via a total of 60 steps, including a mezzanine level and a spiral staircase, at the top of which visitors will find the Gallery\u2019s large glass entrance doors on the first floor.<\/p>\n<\/div>\n\n\n\n<div class=\"wp-block-column is-layout-flow wp-block-column-is-layout-flow\">\n<figure class=\"wp-block-image size-large is-resized aria-hide\"><img loading=\"lazy\" decoding=\"async\" width=\"780\" height=\"343\" src=\"https:\/\/deak17galeria.hu\/wp-content\/uploads\/2025\/12\/image.png\" alt=\"\" class=\"wp-image-37399\" style=\"width:512px;height:257px\" srcset=\"https:\/\/deak17galeria.hu\/wp-content\/uploads\/2025\/12\/image.png 780w, https:\/\/deak17galeria.hu\/wp-content\/uploads\/2025\/12\/image-300x132.png 300w, https:\/\/deak17galeria.hu\/wp-content\/uploads\/2025\/12\/image-768x338.png 768w, https:\/\/deak17galeria.hu\/wp-content\/uploads\/2025\/12\/image-150x66.png 150w\" sizes=\"auto, (max-width: 780px) 100vw, 780px\" \/><\/figure>\n<\/div>\n<\/div>\n\n\n\n<h2 class=\"wp-block-heading\">Rest Area and Cloakroom:<\/h2>\n\n\n\n<div class=\"wp-block-columns is-layout-flex wp-container-core-columns-is-layout-9d6595d7 wp-block-columns-is-layout-flex\">\n<div class=\"wp-block-column is-layout-flow wp-block-column-is-layout-flow\">\n<p>Upon entering the Gallery, visitors are welcomed by a member of staff at the reception desk. Following a brief introduction and overview of visitor guidelines, guests are directed through the reception area with the assistance of clearly marked pictograms. Separate pictograms indicate the cloakroom area, restroom facilities, and relaxation corner.<br \/>The rest area and cloakroom are located to the right of the entrance and are fully accessible.<br \/>Visitors are welcome to consume food and beverages at the tables in the rest area, however, we kindly ask that no food or drinks be taken into the exhibition spaces.<br \/>Easy-to-Read exhibition guides in both Hungarian and English are available near the coat racks in the cloakroom area.<br \/>Small mobility devices (such as children\u2019s bicycles, scooters, ride-on toys, roller skates, skateboards, etc.) may be brought inside only if they can be stored in the cloakroom. Bicycles are not permitted inside the Gallery. Strollers are welcome, however, we kindly ask visitors to leave them in the cloakroom area whenever possible.<\/p>\n<\/div>\n\n\n\n<div class=\"wp-block-column is-layout-flow wp-block-column-is-layout-flow\">\n<figure class=\"wp-block-image size-large is-resized aria-hide\"><img loading=\"lazy\" decoding=\"async\" width=\"1024\" height=\"768\" src=\"https:\/\/deak17galeria.hu\/wp-content\/uploads\/2025\/12\/belsoter-2-of-14-1024x768.jpg\" alt=\"\" class=\"wp-image-37396\" style=\"width:512px;height:384px\" srcset=\"https:\/\/deak17galeria.hu\/wp-content\/uploads\/2025\/12\/belsoter-2-of-14-1024x768.jpg 1024w, https:\/\/deak17galeria.hu\/wp-content\/uploads\/2025\/12\/belsoter-2-of-14-300x225.jpg 300w, https:\/\/deak17galeria.hu\/wp-content\/uploads\/2025\/12\/belsoter-2-of-14-768x576.jpg 768w, https:\/\/deak17galeria.hu\/wp-content\/uploads\/2025\/12\/belsoter-2-of-14-1536x1152.jpg 1536w, https:\/\/deak17galeria.hu\/wp-content\/uploads\/2025\/12\/belsoter-2-of-14-2048x1536.jpg 2048w, https:\/\/deak17galeria.hu\/wp-content\/uploads\/2025\/12\/belsoter-2-of-14-1200x900.jpg 1200w, https:\/\/deak17galeria.hu\/wp-content\/uploads\/2025\/12\/belsoter-2-of-14-150x113.jpg 150w\" sizes=\"auto, (max-width: 1024px) 100vw, 1024px\" \/><\/figure>\n<\/div>\n<\/div>\n\n\n\n<h2 class=\"wp-block-heading\">Accessible Restroom:<\/h2>\n\n\n\n<div class=\"wp-block-columns is-layout-flex wp-container-core-columns-is-layout-9d6595d7 wp-block-columns-is-layout-flex\">\n<div class=\"wp-block-column is-layout-flow wp-block-column-is-layout-flow\">\n<p>The accessible restroom is located to the right of the entrance and can be reached without barriers.<br \/>The restroom includes an accessible and baby-friendly toilet, as well as a child toilet seat, step stool, and baby changing station.<br \/>The doorway to the accessible restroom is 110 cm wide, and the room measures 160 \u00d7 205 cm.<\/p>\n<\/div>\n\n\n\n<div class=\"wp-block-column is-layout-flow wp-block-column-is-layout-flow\">\n<figure class=\"wp-block-image size-large is-resized aria-hide\"><img loading=\"lazy\" decoding=\"async\" width=\"1024\" height=\"768\" src=\"https:\/\/deak17galeria.hu\/wp-content\/uploads\/2025\/12\/IMG_0227-1024x768.jpg\" alt=\"\" class=\"wp-image-37385\" style=\"width:512px;height:384px\" srcset=\"https:\/\/deak17galeria.hu\/wp-content\/uploads\/2025\/12\/IMG_0227-1024x768.jpg 1024w, https:\/\/deak17galeria.hu\/wp-content\/uploads\/2025\/12\/IMG_0227-300x225.jpg 300w, https:\/\/deak17galeria.hu\/wp-content\/uploads\/2025\/12\/IMG_0227-768x576.jpg 768w, https:\/\/deak17galeria.hu\/wp-content\/uploads\/2025\/12\/IMG_0227-1536x1152.jpg 1536w, https:\/\/deak17galeria.hu\/wp-content\/uploads\/2025\/12\/IMG_0227-2048x1536.jpg 2048w, https:\/\/deak17galeria.hu\/wp-content\/uploads\/2025\/12\/IMG_0227-1200x900.jpg 1200w, https:\/\/deak17galeria.hu\/wp-content\/uploads\/2025\/12\/IMG_0227-150x113.jpg 150w\" sizes=\"auto, (max-width: 1024px) 100vw, 1024px\" \/><\/figure>\n<\/div>\n<\/div>\n\n\n\n<h2 class=\"wp-block-heading\">Exhibition Spaces:<\/h2>\n\n\n\n<div class=\"wp-block-columns is-layout-flex wp-container-core-columns-is-layout-9d6595d7 wp-block-columns-is-layout-flex\">\n<div class=\"wp-block-column is-layout-flow wp-block-column-is-layout-flow\">\n<p>The Gallery consists of one larger and one smaller exhibition space. The main entrance opens directly into the larger gallery space, while the smaller exhibition room can be accessed from the right side of the entrance, via the rest area and cloakroom.<br \/>All exhibition spaces are accessible and safe for children.<br \/>Guide dogs are warmly welcomed throughout the exhibition spaces, as are well-behaved small and medium-sized dogs.<\/p>\n<\/div>\n\n\n\n<div class=\"wp-block-column is-layout-flow wp-block-column-is-layout-flow\">\n<figure class=\"wp-block-image size-large is-resized aria-hide\"><img loading=\"lazy\" decoding=\"async\" width=\"1024\" height=\"768\" src=\"https:\/\/deak17galeria.hu\/wp-content\/uploads\/2025\/12\/belsoter-1-of-14-1024x768.jpg\" alt=\"\" class=\"wp-image-37406\" style=\"width:512px;height:384px\" srcset=\"https:\/\/deak17galeria.hu\/wp-content\/uploads\/2025\/12\/belsoter-1-of-14-1024x768.jpg 1024w, https:\/\/deak17galeria.hu\/wp-content\/uploads\/2025\/12\/belsoter-1-of-14-300x225.jpg 300w, https:\/\/deak17galeria.hu\/wp-content\/uploads\/2025\/12\/belsoter-1-of-14-768x576.jpg 768w, https:\/\/deak17galeria.hu\/wp-content\/uploads\/2025\/12\/belsoter-1-of-14-1536x1152.jpg 1536w, https:\/\/deak17galeria.hu\/wp-content\/uploads\/2025\/12\/belsoter-1-of-14-2048x1536.jpg 2048w, https:\/\/deak17galeria.hu\/wp-content\/uploads\/2025\/12\/belsoter-1-of-14-1200x900.jpg 1200w, https:\/\/deak17galeria.hu\/wp-content\/uploads\/2025\/12\/belsoter-1-of-14-150x113.jpg 150w\" sizes=\"auto, (max-width: 1024px) 100vw, 1024px\" \/><\/figure>\n<\/div>\n<\/div>\n\n\n\n<h2 class=\"wp-block-heading\">Services:<\/h2>\n\n\n\n<div class=\"wp-block-columns is-layout-flex wp-container-core-columns-is-layout-9d6595d7 wp-block-columns-is-layout-flex\">\n<div class=\"wp-block-column is-layout-flow wp-block-column-is-layout-flow\">\n<p>Admission to the Gallery, participation in our public programmes and museum education activities, as well as most of our publications, are free of charge. Please note that some events and workshops require prior registration, this is always indicated in the programme description.<br \/>If you are planning a group visit of more than eight people, we kindly ask that you inform us in advance of your intended date of visit and the size of your group.<br \/>Please contact us by email at <a href=\"mailto:muzeumpedagogia@deak17galeria.hu\">muzeumpedagogia@deak17galeria.hu<\/a><br \/>or by phone at +36 1 796 2998 on the day preceding your visit.<\/p>\n<\/div>\n\n\n\n<div class=\"wp-block-column is-layout-flow wp-block-column-is-layout-flow\">\n<figure class=\"wp-block-image size-large is-resized aria-hide\"><img loading=\"lazy\" decoding=\"async\" width=\"1024\" height=\"768\" src=\"https:\/\/deak17galeria.hu\/wp-content\/uploads\/2025\/12\/BLUR-kicsihaziko-foglalkozas-15-of-23-1024x768.jpg\" alt=\"\" class=\"wp-image-37415\" style=\"width:512px;height:384px\" srcset=\"https:\/\/deak17galeria.hu\/wp-content\/uploads\/2025\/12\/BLUR-kicsihaziko-foglalkozas-15-of-23-1024x768.jpg 1024w, https:\/\/deak17galeria.hu\/wp-content\/uploads\/2025\/12\/BLUR-kicsihaziko-foglalkozas-15-of-23-300x225.jpg 300w, https:\/\/deak17galeria.hu\/wp-content\/uploads\/2025\/12\/BLUR-kicsihaziko-foglalkozas-15-of-23-768x576.jpg 768w, https:\/\/deak17galeria.hu\/wp-content\/uploads\/2025\/12\/BLUR-kicsihaziko-foglalkozas-15-of-23-1200x900.jpg 1200w, https:\/\/deak17galeria.hu\/wp-content\/uploads\/2025\/12\/BLUR-kicsihaziko-foglalkozas-15-of-23-150x113.jpg 150w\" sizes=\"auto, (max-width: 1024px) 100vw, 1024px\" \/><\/figure>\n<\/div>\n<\/div>\n\n\n\n<hr class=\"wp-block-separator has-alpha-channel-opacity\"\/>\n","protected":false},"excerpt":{"rendered":"<p>Accessibility: De\u00e1k17 Youth Art Gallery is located in the heart of Budapest, a five-minute walk from De\u00e1k Ferenc Square, on Fashion Street, on the first floor of the building at 17 De\u00e1k Ferenc Street. The Gallery can be reached by&hellip;<\/p>\n<a class=\"read-more-link\" title=\"Accessibility\" href=\" https:\/\/deak17galeria.hu\/en\/accessibility\/ \">Read more <span class=\"screen-reader-text\">\"Accessibility\"<\/span><\/a>","protected":false},"author":2,"featured_media":0,"parent":0,"menu_order":0,"comment_status":"closed","ping_status":"closed","template":"","meta":{"_acf_changed":false,"footnotes":""},"class_list":["post-35305","page","type-page","status-publish","hentry"],"acf":[],"yoast_head":"<!-- This site is optimized with the Yoast SEO plugin v26.8 - https:\/\/yoast.com\/product\/yoast-seo-wordpress\/ -->\n<title>Accessibility &#8211; De\u00e1k17 Gal\u00e9ria<\/title>\n<meta name=\"robots\" content=\"index, follow, max-snippet:-1, max-image-preview:large, max-video-preview:-1\" \/>\n<link rel=\"canonical\" href=\"https:\/\/deak17galeria.hu\/en\/accessibility\/\" \/>\n<meta property=\"og:locale\" content=\"en_US\" \/>\n<meta property=\"og:type\" content=\"article\" \/>\n<meta property=\"og:title\" content=\"Accessibility &#8211; De\u00e1k17 Gal\u00e9ria\" \/>\n<meta property=\"og:description\" content=\"Accessibility: De\u00e1k17 Youth Art Gallery is located in the heart of Budapest, a five-minute walk from De\u00e1k Ferenc Square, on Fashion Street, on the first floor of the building at 17 De\u00e1k Ferenc Street. The Gallery can be reached by&hellip;\" \/>\n<meta property=\"og:url\" content=\"https:\/\/deak17galeria.hu\/en\/accessibility\/\" \/>\n<meta property=\"og:site_name\" content=\"De\u00e1k17 Gal\u00e9ria\" \/>\n<meta property=\"article:publisher\" content=\"https:\/\/www.facebook.com\/deak17galeria\" \/>\n<meta property=\"article:modified_time\" content=\"2026-05-13T09:01:41+00:00\" \/>\n<meta property=\"og:image\" content=\"https:\/\/deak17galeria.hu\/wp-content\/uploads\/2025\/12\/epulet-6-of-13-1024x768.jpg\" \/>\n\t<meta property=\"og:image:width\" content=\"1024\" \/>\n\t<meta property=\"og:image:height\" content=\"768\" \/>\n\t<meta property=\"og:image:type\" content=\"image\/jpeg\" \/>\n<meta name=\"twitter:card\" content=\"summary_large_image\" \/>\n<meta name=\"twitter:label1\" content=\"Est. reading time\" \/>\n\t<meta name=\"twitter:data1\" content=\"4 minutes\" \/>\n<script type=\"application\/ld+json\" class=\"yoast-schema-graph\">{\"@context\":\"https:\/\/schema.org\",\"@graph\":[{\"@type\":\"WebPage\",\"@id\":\"https:\/\/deak17galeria.hu\/en\/accessibility\/\",\"url\":\"https:\/\/deak17galeria.hu\/en\/accessibility\/\",\"name\":\"Accessibility &#8211; De\u00e1k17 Gal\u00e9ria\",\"isPartOf\":{\"@id\":\"https:\/\/deak17galeria.hu\/#website\"},\"primaryImageOfPage\":{\"@id\":\"https:\/\/deak17galeria.hu\/en\/accessibility\/#primaryimage\"},\"image\":{\"@id\":\"https:\/\/deak17galeria.hu\/en\/accessibility\/#primaryimage\"},\"thumbnailUrl\":\"https:\/\/deak17galeria.hu\/wp-content\/uploads\/2025\/12\/epulet-6-of-13-1024x768.jpg\",\"datePublished\":\"2025-06-30T13:35:01+00:00\",\"dateModified\":\"2026-05-13T09:01:41+00:00\",\"breadcrumb\":{\"@id\":\"https:\/\/deak17galeria.hu\/en\/accessibility\/#breadcrumb\"},\"inLanguage\":\"en-US\",\"potentialAction\":[{\"@type\":\"ReadAction\",\"target\":[\"https:\/\/deak17galeria.hu\/en\/accessibility\/\"]}]},{\"@type\":\"ImageObject\",\"inLanguage\":\"en-US\",\"@id\":\"https:\/\/deak17galeria.hu\/en\/accessibility\/#primaryimage\",\"url\":\"https:\/\/deak17galeria.hu\/wp-content\/uploads\/2025\/12\/epulet-6-of-13-1024x768.jpg\",\"contentUrl\":\"https:\/\/deak17galeria.hu\/wp-content\/uploads\/2025\/12\/epulet-6-of-13-1024x768.jpg\"},{\"@type\":\"BreadcrumbList\",\"@id\":\"https:\/\/deak17galeria.hu\/en\/accessibility\/#breadcrumb\",\"itemListElement\":[{\"@type\":\"ListItem\",\"position\":1,\"name\":\"Kezd\u0151lap\",\"item\":\"https:\/\/deak17galeria.hu\/en\/\"},{\"@type\":\"ListItem\",\"position\":2,\"name\":\"Accessibility\"}]},{\"@type\":\"WebSite\",\"@id\":\"https:\/\/deak17galeria.hu\/#website\",\"url\":\"https:\/\/deak17galeria.hu\/\",\"name\":\"De\u00e1k17 Gal\u00e9ria\",\"description\":\"Gyermek \u00e9s Ifj\u00fas\u00e1gi Gal\u00e9ria\",\"publisher\":{\"@id\":\"https:\/\/deak17galeria.hu\/#organization\"},\"potentialAction\":[{\"@type\":\"SearchAction\",\"target\":{\"@type\":\"EntryPoint\",\"urlTemplate\":\"https:\/\/deak17galeria.hu\/?s={search_term_string}\"},\"query-input\":{\"@type\":\"PropertyValueSpecification\",\"valueRequired\":true,\"valueName\":\"search_term_string\"}}],\"inLanguage\":\"en-US\"},{\"@type\":\"Organization\",\"@id\":\"https:\/\/deak17galeria.hu\/#organization\",\"name\":\"De\u00e1k17 Gyermek \u00e9s Ifj\u00fas\u00e1gi Gall\u00e9ria\",\"url\":\"https:\/\/deak17galeria.hu\/\",\"logo\":{\"@type\":\"ImageObject\",\"inLanguage\":\"en-US\",\"@id\":\"https:\/\/deak17galeria.hu\/#\/schema\/logo\/image\/\",\"url\":\"https:\/\/deak17galeria.hu\/wp-content\/uploads\/2021\/04\/d17-logo.png\",\"contentUrl\":\"https:\/\/deak17galeria.hu\/wp-content\/uploads\/2021\/04\/d17-logo.png\",\"width\":337,\"height\":229,\"caption\":\"De\u00e1k17 Gyermek \u00e9s Ifj\u00fas\u00e1gi Gall\u00e9ria\"},\"image\":{\"@id\":\"https:\/\/deak17galeria.hu\/#\/schema\/logo\/image\/\"},\"sameAs\":[\"https:\/\/www.facebook.com\/deak17galeria\"]}]}<\/script>\n<!-- \/ Yoast SEO plugin. -->","yoast_head_json":{"title":"Accessibility &#8211; De\u00e1k17 Gal\u00e9ria","robots":{"index":"index","follow":"follow","max-snippet":"max-snippet:-1","max-image-preview":"max-image-preview:large","max-video-preview":"max-video-preview:-1"},"canonical":"https:\/\/deak17galeria.hu\/en\/accessibility\/","og_locale":"en_US","og_type":"article","og_title":"Accessibility &#8211; De\u00e1k17 Gal\u00e9ria","og_description":"Accessibility: De\u00e1k17 Youth Art Gallery is located in the heart of Budapest, a five-minute walk from De\u00e1k Ferenc Square, on Fashion Street, on the first floor of the building at 17 De\u00e1k Ferenc Street. The Gallery can be reached by&hellip;","og_url":"https:\/\/deak17galeria.hu\/en\/accessibility\/","og_site_name":"De\u00e1k17 Gal\u00e9ria","article_publisher":"https:\/\/www.facebook.com\/deak17galeria","article_modified_time":"2026-05-13T09:01:41+00:00","og_image":[{"width":1024,"height":768,"url":"https:\/\/deak17galeria.hu\/wp-content\/uploads\/2025\/12\/epulet-6-of-13-1024x768.jpg","type":"image\/jpeg"}],"twitter_card":"summary_large_image","twitter_misc":{"Est. reading time":"4 minutes"},"schema":{"@context":"https:\/\/schema.org","@graph":[{"@type":"WebPage","@id":"https:\/\/deak17galeria.hu\/en\/accessibility\/","url":"https:\/\/deak17galeria.hu\/en\/accessibility\/","name":"Accessibility &#8211; De\u00e1k17 Gal\u00e9ria","isPartOf":{"@id":"https:\/\/deak17galeria.hu\/#website"},"primaryImageOfPage":{"@id":"https:\/\/deak17galeria.hu\/en\/accessibility\/#primaryimage"},"image":{"@id":"https:\/\/deak17galeria.hu\/en\/accessibility\/#primaryimage"},"thumbnailUrl":"https:\/\/deak17galeria.hu\/wp-content\/uploads\/2025\/12\/epulet-6-of-13-1024x768.jpg","datePublished":"2025-06-30T13:35:01+00:00","dateModified":"2026-05-13T09:01:41+00:00","breadcrumb":{"@id":"https:\/\/deak17galeria.hu\/en\/accessibility\/#breadcrumb"},"inLanguage":"en-US","potentialAction":[{"@type":"ReadAction","target":["https:\/\/deak17galeria.hu\/en\/accessibility\/"]}]},{"@type":"ImageObject","inLanguage":"en-US","@id":"https:\/\/deak17galeria.hu\/en\/accessibility\/#primaryimage","url":"https:\/\/deak17galeria.hu\/wp-content\/uploads\/2025\/12\/epulet-6-of-13-1024x768.jpg","contentUrl":"https:\/\/deak17galeria.hu\/wp-content\/uploads\/2025\/12\/epulet-6-of-13-1024x768.jpg"},{"@type":"BreadcrumbList","@id":"https:\/\/deak17galeria.hu\/en\/accessibility\/#breadcrumb","itemListElement":[{"@type":"ListItem","position":1,"name":"Kezd\u0151lap","item":"https:\/\/deak17galeria.hu\/en\/"},{"@type":"ListItem","position":2,"name":"Accessibility"}]},{"@type":"WebSite","@id":"https:\/\/deak17galeria.hu\/#website","url":"https:\/\/deak17galeria.hu\/","name":"De\u00e1k17 Gal\u00e9ria","description":"Gyermek \u00e9s Ifj\u00fas\u00e1gi Gal\u00e9ria","publisher":{"@id":"https:\/\/deak17galeria.hu\/#organization"},"potentialAction":[{"@type":"SearchAction","target":{"@type":"EntryPoint","urlTemplate":"https:\/\/deak17galeria.hu\/?s={search_term_string}"},"query-input":{"@type":"PropertyValueSpecification","valueRequired":true,"valueName":"search_term_string"}}],"inLanguage":"en-US"},{"@type":"Organization","@id":"https:\/\/deak17galeria.hu\/#organization","name":"De\u00e1k17 Gyermek \u00e9s Ifj\u00fas\u00e1gi Gall\u00e9ria","url":"https:\/\/deak17galeria.hu\/","logo":{"@type":"ImageObject","inLanguage":"en-US","@id":"https:\/\/deak17galeria.hu\/#\/schema\/logo\/image\/","url":"https:\/\/deak17galeria.hu\/wp-content\/uploads\/2021\/04\/d17-logo.png","contentUrl":"https:\/\/deak17galeria.hu\/wp-content\/uploads\/2021\/04\/d17-logo.png","width":337,"height":229,"caption":"De\u00e1k17 Gyermek \u00e9s Ifj\u00fas\u00e1gi Gall\u00e9ria"},"image":{"@id":"https:\/\/deak17galeria.hu\/#\/schema\/logo\/image\/"},"sameAs":["https:\/\/www.facebook.com\/deak17galeria"]}]}},"_links":{"self":[{"href":"https:\/\/deak17galeria.hu\/en\/wp-json\/wp\/v2\/pages\/35305","targetHints":{"allow":["GET"]}}],"collection":[{"href":"https:\/\/deak17galeria.hu\/en\/wp-json\/wp\/v2\/pages"}],"about":[{"href":"https:\/\/deak17galeria.hu\/en\/wp-json\/wp\/v2\/types\/page"}],"author":[{"embeddable":true,"href":"https:\/\/deak17galeria.hu\/en\/wp-json\/wp\/v2\/users\/2"}],"replies":[{"embeddable":true,"href":"https:\/\/deak17galeria.hu\/en\/wp-json\/wp\/v2\/comments?post=35305"}],"version-history":[{"count":4,"href":"https:\/\/deak17galeria.hu\/en\/wp-json\/wp\/v2\/pages\/35305\/revisions"}],"predecessor-version":[{"id":43198,"href":"https:\/\/deak17galeria.hu\/en\/wp-json\/wp\/v2\/pages\/35305\/revisions\/43198"}],"wp:attachment":[{"href":"https:\/\/deak17galeria.hu\/en\/wp-json\/wp\/v2\/media?parent=35305"}],"curies":[{"name":"wp","href":"https:\/\/api.w.org\/{rel}","templated":true}]}}