{"id":18724,"date":"2020-10-26T16:55:36","date_gmt":"2020-10-26T16:55:36","guid":{"rendered":"http:\/\/deak17galeria.hu\/nyitolap\/"},"modified":"2020-11-23T08:01:54","modified_gmt":"2020-11-23T08:01:54","slug":"nyitolap","status":"publish","type":"page","link":"https:\/\/deak17galeria.hu\/en\/","title":{"rendered":"Welcome!"},"content":{"rendered":"\n<p>Lorem ipsum dolor sit amet, consectetur adipiscing elit. Suspendisse suscipit sagittis libero, at aliquam lacus tempor et. Fusce tincidunt eros vitae malesuada varius. Maecenas consequat a quam in fermentum. Donec quis ullamcorper lectus. Phasellus placerat tellus vitae augue pulvinar, nec auctor justo lobortis. Donec eget gravida erat. Donec quis venenatis nulla. Quisque orci justo, convallis in mollis vitae, accumsan eget quam. Cras malesuada odio at mauris ornare tempor. Fusce efficitur nec odio mattis mattis. Curabitur sed ullamcorper lorem.<\/p>\n\n\n\n<p>Vestibulum vulputate non mauris in tincidunt. Pellentesque vitae aliquam diam, in convallis massa. In tristique lorem et tortor accumsan sodales. Morbi scelerisque in libero a placerat. Aenean gravida libero eu feugiat convallis. Praesent pretium ante eget laoreet imperdiet. Cras sit amet mi accumsan, posuere orci in, facilisis dolor.<\/p>\n","protected":false},"excerpt":{"rendered":"<p>Lorem ipsum dolor sit amet, consectetur adipiscing elit. Suspendisse suscipit sagittis libero, at aliquam lacus tempor et. Fusce tincidunt eros vitae malesuada varius. Maecenas consequat a quam in fermentum. Donec quis ullamcorper lectus. Phasellus placerat tellus vitae augue pulvinar, nec&hellip;<\/p>\n<a class=\"read-more-link\" title=\"Welcome!\" href=\" https:\/\/deak17galeria.hu\/en\/ \">Read more <span class=\"screen-reader-text\">\"Welcome!\"<\/span><\/a>","protected":false},"author":1,"featured_media":0,"parent":0,"menu_order":0,"comment_status":"closed","ping_status":"closed","template":"page-nyitolap.php","meta":{"_acf_changed":false,"footnotes":""},"class_list":["post-18724","page","type-page","status-publish","hentry"],"acf":[],"yoast_head":"<!-- This site is optimized with the Yoast SEO plugin v26.8 - https:\/\/yoast.com\/product\/yoast-seo-wordpress\/ -->\n<title>Welcome! &#8211; De\u00e1k17 Gal\u00e9ria<\/title>\n<meta name=\"robots\" content=\"index, follow, max-snippet:-1, max-image-preview:large, max-video-preview:-1\" \/>\n<link rel=\"canonical\" href=\"https:\/\/deak17galeria.hu\/en\/\" \/>\n<meta property=\"og:locale\" content=\"en_US\" \/>\n<meta property=\"og:type\" content=\"article\" \/>\n<meta property=\"og:title\" content=\"Welcome! &#8211; De\u00e1k17 Gal\u00e9ria\" \/>\n<meta property=\"og:description\" content=\"Lorem ipsum dolor sit amet, consectetur adipiscing elit. Suspendisse suscipit sagittis libero, at aliquam lacus tempor et. Fusce tincidunt eros vitae malesuada varius. Maecenas consequat a quam in fermentum. Donec quis ullamcorper lectus. Phasellus placerat tellus vitae augue pulvinar, nec&hellip;\" \/>\n<meta property=\"og:url\" content=\"https:\/\/deak17galeria.hu\/en\/\" \/>\n<meta property=\"og:site_name\" content=\"De\u00e1k17 Gal\u00e9ria\" \/>\n<meta property=\"article:publisher\" content=\"https:\/\/www.facebook.com\/deak17galeria\" \/>\n<meta property=\"article:modified_time\" content=\"2020-11-23T08:01:54+00:00\" \/>\n<meta name=\"twitter:card\" content=\"summary_large_image\" \/>\n<meta name=\"twitter:label1\" content=\"Est. reading time\" \/>\n\t<meta name=\"twitter:data1\" content=\"1 minute\" \/>\n<script type=\"application\/ld+json\" class=\"yoast-schema-graph\">{\"@context\":\"https:\/\/schema.org\",\"@graph\":[{\"@type\":\"WebPage\",\"@id\":\"https:\/\/deak17galeria.hu\/en\/\",\"url\":\"https:\/\/deak17galeria.hu\/en\/\",\"name\":\"Welcome! &#8211; De\u00e1k17 Gal\u00e9ria\",\"isPartOf\":{\"@id\":\"https:\/\/deak17galeria.hu\/#website\"},\"datePublished\":\"2020-10-26T16:55:36+00:00\",\"dateModified\":\"2020-11-23T08:01:54+00:00\",\"breadcrumb\":{\"@id\":\"https:\/\/deak17galeria.hu\/en\/#breadcrumb\"},\"inLanguage\":\"en-US\",\"potentialAction\":[{\"@type\":\"ReadAction\",\"target\":[\"https:\/\/deak17galeria.hu\/en\/\"]}]},{\"@type\":\"BreadcrumbList\",\"@id\":\"https:\/\/deak17galeria.hu\/en\/#breadcrumb\",\"itemListElement\":[{\"@type\":\"ListItem\",\"position\":1,\"name\":\"Kezd\u0151lap\",\"item\":\"https:\/\/deak17galeria.hu\/en\/\"},{\"@type\":\"ListItem\",\"position\":2,\"name\":\"Welcome!\"}]},{\"@type\":\"WebSite\",\"@id\":\"https:\/\/deak17galeria.hu\/#website\",\"url\":\"https:\/\/deak17galeria.hu\/\",\"name\":\"De\u00e1k17 Gal\u00e9ria\",\"description\":\"Gyermek \u00e9s Ifj\u00fas\u00e1gi Gal\u00e9ria\",\"publisher\":{\"@id\":\"https:\/\/deak17galeria.hu\/#organization\"},\"potentialAction\":[{\"@type\":\"SearchAction\",\"target\":{\"@type\":\"EntryPoint\",\"urlTemplate\":\"https:\/\/deak17galeria.hu\/?s={search_term_string}\"},\"query-input\":{\"@type\":\"PropertyValueSpecification\",\"valueRequired\":true,\"valueName\":\"search_term_string\"}}],\"inLanguage\":\"en-US\"},{\"@type\":\"Organization\",\"@id\":\"https:\/\/deak17galeria.hu\/#organization\",\"name\":\"De\u00e1k17 Gyermek \u00e9s Ifj\u00fas\u00e1gi Gall\u00e9ria\",\"url\":\"https:\/\/deak17galeria.hu\/\",\"logo\":{\"@type\":\"ImageObject\",\"inLanguage\":\"en-US\",\"@id\":\"https:\/\/deak17galeria.hu\/#\/schema\/logo\/image\/\",\"url\":\"https:\/\/deak17galeria.hu\/wp-content\/uploads\/2021\/04\/d17-logo.png\",\"contentUrl\":\"https:\/\/deak17galeria.hu\/wp-content\/uploads\/2021\/04\/d17-logo.png\",\"width\":337,\"height\":229,\"caption\":\"De\u00e1k17 Gyermek \u00e9s Ifj\u00fas\u00e1gi Gall\u00e9ria\"},\"image\":{\"@id\":\"https:\/\/deak17galeria.hu\/#\/schema\/logo\/image\/\"},\"sameAs\":[\"https:\/\/www.facebook.com\/deak17galeria\"]}]}<\/script>\n<!-- \/ Yoast SEO plugin. -->","yoast_head_json":{"title":"Welcome! &#8211; De\u00e1k17 Gal\u00e9ria","robots":{"index":"index","follow":"follow","max-snippet":"max-snippet:-1","max-image-preview":"max-image-preview:large","max-video-preview":"max-video-preview:-1"},"canonical":"https:\/\/deak17galeria.hu\/en\/","og_locale":"en_US","og_type":"article","og_title":"Welcome! &#8211; De\u00e1k17 Gal\u00e9ria","og_description":"Lorem ipsum dolor sit amet, consectetur adipiscing elit. Suspendisse suscipit sagittis libero, at aliquam lacus tempor et. Fusce tincidunt eros vitae malesuada varius. Maecenas consequat a quam in fermentum. Donec quis ullamcorper lectus. Phasellus placerat tellus vitae augue pulvinar, nec&hellip;","og_url":"https:\/\/deak17galeria.hu\/en\/","og_site_name":"De\u00e1k17 Gal\u00e9ria","article_publisher":"https:\/\/www.facebook.com\/deak17galeria","article_modified_time":"2020-11-23T08:01:54+00:00","twitter_card":"summary_large_image","twitter_misc":{"Est. reading time":"1 minute"},"schema":{"@context":"https:\/\/schema.org","@graph":[{"@type":"WebPage","@id":"https:\/\/deak17galeria.hu\/en\/","url":"https:\/\/deak17galeria.hu\/en\/","name":"Welcome! &#8211; De\u00e1k17 Gal\u00e9ria","isPartOf":{"@id":"https:\/\/deak17galeria.hu\/#website"},"datePublished":"2020-10-26T16:55:36+00:00","dateModified":"2020-11-23T08:01:54+00:00","breadcrumb":{"@id":"https:\/\/deak17galeria.hu\/en\/#breadcrumb"},"inLanguage":"en-US","potentialAction":[{"@type":"ReadAction","target":["https:\/\/deak17galeria.hu\/en\/"]}]},{"@type":"BreadcrumbList","@id":"https:\/\/deak17galeria.hu\/en\/#breadcrumb","itemListElement":[{"@type":"ListItem","position":1,"name":"Kezd\u0151lap","item":"https:\/\/deak17galeria.hu\/en\/"},{"@type":"ListItem","position":2,"name":"Welcome!"}]},{"@type":"WebSite","@id":"https:\/\/deak17galeria.hu\/#website","url":"https:\/\/deak17galeria.hu\/","name":"De\u00e1k17 Gal\u00e9ria","description":"Gyermek \u00e9s Ifj\u00fas\u00e1gi Gal\u00e9ria","publisher":{"@id":"https:\/\/deak17galeria.hu\/#organization"},"potentialAction":[{"@type":"SearchAction","target":{"@type":"EntryPoint","urlTemplate":"https:\/\/deak17galeria.hu\/?s={search_term_string}"},"query-input":{"@type":"PropertyValueSpecification","valueRequired":true,"valueName":"search_term_string"}}],"inLanguage":"en-US"},{"@type":"Organization","@id":"https:\/\/deak17galeria.hu\/#organization","name":"De\u00e1k17 Gyermek \u00e9s Ifj\u00fas\u00e1gi Gall\u00e9ria","url":"https:\/\/deak17galeria.hu\/","logo":{"@type":"ImageObject","inLanguage":"en-US","@id":"https:\/\/deak17galeria.hu\/#\/schema\/logo\/image\/","url":"https:\/\/deak17galeria.hu\/wp-content\/uploads\/2021\/04\/d17-logo.png","contentUrl":"https:\/\/deak17galeria.hu\/wp-content\/uploads\/2021\/04\/d17-logo.png","width":337,"height":229,"caption":"De\u00e1k17 Gyermek \u00e9s Ifj\u00fas\u00e1gi Gall\u00e9ria"},"image":{"@id":"https:\/\/deak17galeria.hu\/#\/schema\/logo\/image\/"},"sameAs":["https:\/\/www.facebook.com\/deak17galeria"]}]}},"_links":{"self":[{"href":"https:\/\/deak17galeria.hu\/en\/wp-json\/wp\/v2\/pages\/18724","targetHints":{"allow":["GET"]}}],"collection":[{"href":"https:\/\/deak17galeria.hu\/en\/wp-json\/wp\/v2\/pages"}],"about":[{"href":"https:\/\/deak17galeria.hu\/en\/wp-json\/wp\/v2\/types\/page"}],"author":[{"embeddable":true,"href":"https:\/\/deak17galeria.hu\/en\/wp-json\/wp\/v2\/users\/1"}],"replies":[{"embeddable":true,"href":"https:\/\/deak17galeria.hu\/en\/wp-json\/wp\/v2\/comments?post=18724"}],"version-history":[{"count":1,"href":"https:\/\/deak17galeria.hu\/en\/wp-json\/wp\/v2\/pages\/18724\/revisions"}],"predecessor-version":[{"id":18725,"href":"https:\/\/deak17galeria.hu\/en\/wp-json\/wp\/v2\/pages\/18724\/revisions\/18725"}],"wp:attachment":[{"href":"https:\/\/deak17galeria.hu\/en\/wp-json\/wp\/v2\/media?parent=18724"}],"curies":[{"name":"wp","href":"https:\/\/api.w.org\/{rel}","templated":true}]}}